{"id":377,"date":"2022-09-26T21:59:03","date_gmt":"2022-09-26T21:59:03","guid":{"rendered":"https:\/\/popinvestments.com\/atiko\/?page_id=377"},"modified":"2022-09-27T15:29:30","modified_gmt":"2022-09-27T15:29:30","slug":"conocenos","status":"publish","type":"page","link":"https:\/\/popinvestments.com\/atiko\/conocenos\/","title":{"rendered":"Conocenos"},"content":{"rendered":"","protected":false},"excerpt":{"rendered":"","protected":false},"author":1,"featured_media":0,"parent":0,"menu_order":0,"comment_status":"closed","ping_status":"closed","template":"page-templates\/03. Atiko - Conocenos.php","meta":{"footnotes":""},"class_list":["post-377","page","type-page","status-publish","hentry"],"yoast_head":"<!-- This site is optimized with the Yoast SEO plugin v27.3 - https:\/\/yoast.com\/product\/yoast-seo-wordpress\/ -->\n<title>Conocenos - \u00c1tiko<\/title>\n<meta name=\"description\" content=\"Preventa de Departamentos tipo loft y 2 rec\u00e1maras en Paseo Santa Luc\u00eda, Monterrey. Precios desde $2.8 MDP.\" \/>\n<meta name=\"robots\" content=\"index, follow, max-snippet:-1, max-image-preview:large, max-video-preview:-1\" \/>\n<link rel=\"canonical\" href=\"https:\/\/popinvestments.com\/atiko\/conocenos\/\" \/>\n<meta property=\"og:locale\" content=\"es_MX\" \/>\n<meta property=\"og:type\" content=\"article\" \/>\n<meta property=\"og:title\" content=\"Conocenos - \u00c1tiko\" \/>\n<meta property=\"og:description\" content=\"Preventa de Departamentos tipo loft y 2 rec\u00e1maras en Paseo Santa Luc\u00eda, Monterrey. Precios desde $2.8 MDP.\" \/>\n<meta property=\"og:url\" content=\"https:\/\/popinvestments.com\/atiko\/conocenos\/\" \/>\n<meta property=\"og:site_name\" content=\"\u00c1tiko\" \/>\n<meta property=\"article:modified_time\" content=\"2022-09-27T15:29:30+00:00\" \/>\n<meta name=\"twitter:card\" content=\"summary_large_image\" \/>\n<script type=\"application\/ld+json\" class=\"yoast-schema-graph\">{\"@context\":\"https:\\\/\\\/schema.org\",\"@graph\":[{\"@type\":\"WebPage\",\"@id\":\"https:\\\/\\\/popinvestments.com\\\/atiko\\\/conocenos\\\/\",\"url\":\"https:\\\/\\\/popinvestments.com\\\/atiko\\\/conocenos\\\/\",\"name\":\"Conocenos - \u00c1tiko\",\"isPartOf\":{\"@id\":\"https:\\\/\\\/popinvestments.com\\\/atiko\\\/#website\"},\"datePublished\":\"2022-09-26T21:59:03+00:00\",\"dateModified\":\"2022-09-27T15:29:30+00:00\",\"description\":\"Preventa de Departamentos tipo loft y 2 rec\u00e1maras en Paseo Santa Luc\u00eda, Monterrey. Precios desde $2.8 MDP.\",\"breadcrumb\":{\"@id\":\"https:\\\/\\\/popinvestments.com\\\/atiko\\\/conocenos\\\/#breadcrumb\"},\"inLanguage\":\"es\",\"potentialAction\":[{\"@type\":\"ReadAction\",\"target\":[\"https:\\\/\\\/popinvestments.com\\\/atiko\\\/conocenos\\\/\"]}]},{\"@type\":\"BreadcrumbList\",\"@id\":\"https:\\\/\\\/popinvestments.com\\\/atiko\\\/conocenos\\\/#breadcrumb\",\"itemListElement\":[{\"@type\":\"ListItem\",\"position\":1,\"name\":\"Inicio\",\"item\":\"https:\\\/\\\/popinvestments.com\\\/atiko\\\/\"},{\"@type\":\"ListItem\",\"position\":2,\"name\":\"Conocenos\"}]},{\"@type\":\"WebSite\",\"@id\":\"https:\\\/\\\/popinvestments.com\\\/atiko\\\/#website\",\"url\":\"https:\\\/\\\/popinvestments.com\\\/atiko\\\/\",\"name\":\"\u00c1tiko\",\"description\":\"Preventa de Departamentos tipo Loft, 1 y 2 rec\u00e1maras en Paseo Santa Luc\u00eda. Celebra la vida en tu nuevo espacio y elige tu modelo favorito.\",\"potentialAction\":[{\"@type\":\"SearchAction\",\"target\":{\"@type\":\"EntryPoint\",\"urlTemplate\":\"https:\\\/\\\/popinvestments.com\\\/atiko\\\/?s={search_term_string}\"},\"query-input\":{\"@type\":\"PropertyValueSpecification\",\"valueRequired\":true,\"valueName\":\"search_term_string\"}}],\"inLanguage\":\"es\"}]}<\/script>\n<!-- \/ Yoast SEO plugin. -->","yoast_head_json":{"title":"Conocenos - \u00c1tiko","description":"Preventa de Departamentos tipo loft y 2 rec\u00e1maras en Paseo Santa Luc\u00eda, Monterrey. Precios desde $2.8 MDP.","robots":{"index":"index","follow":"follow","max-snippet":"max-snippet:-1","max-image-preview":"max-image-preview:large","max-video-preview":"max-video-preview:-1"},"canonical":"https:\/\/popinvestments.com\/atiko\/conocenos\/","og_locale":"es_MX","og_type":"article","og_title":"Conocenos - \u00c1tiko","og_description":"Preventa de Departamentos tipo loft y 2 rec\u00e1maras en Paseo Santa Luc\u00eda, Monterrey. Precios desde $2.8 MDP.","og_url":"https:\/\/popinvestments.com\/atiko\/conocenos\/","og_site_name":"\u00c1tiko","article_modified_time":"2022-09-27T15:29:30+00:00","twitter_card":"summary_large_image","schema":{"@context":"https:\/\/schema.org","@graph":[{"@type":"WebPage","@id":"https:\/\/popinvestments.com\/atiko\/conocenos\/","url":"https:\/\/popinvestments.com\/atiko\/conocenos\/","name":"Conocenos - \u00c1tiko","isPartOf":{"@id":"https:\/\/popinvestments.com\/atiko\/#website"},"datePublished":"2022-09-26T21:59:03+00:00","dateModified":"2022-09-27T15:29:30+00:00","description":"Preventa de Departamentos tipo loft y 2 rec\u00e1maras en Paseo Santa Luc\u00eda, Monterrey. Precios desde $2.8 MDP.","breadcrumb":{"@id":"https:\/\/popinvestments.com\/atiko\/conocenos\/#breadcrumb"},"inLanguage":"es","potentialAction":[{"@type":"ReadAction","target":["https:\/\/popinvestments.com\/atiko\/conocenos\/"]}]},{"@type":"BreadcrumbList","@id":"https:\/\/popinvestments.com\/atiko\/conocenos\/#breadcrumb","itemListElement":[{"@type":"ListItem","position":1,"name":"Inicio","item":"https:\/\/popinvestments.com\/atiko\/"},{"@type":"ListItem","position":2,"name":"Conocenos"}]},{"@type":"WebSite","@id":"https:\/\/popinvestments.com\/atiko\/#website","url":"https:\/\/popinvestments.com\/atiko\/","name":"\u00c1tiko","description":"Preventa de Departamentos tipo Loft, 1 y 2 rec\u00e1maras en Paseo Santa Luc\u00eda. Celebra la vida en tu nuevo espacio y elige tu modelo favorito.","potentialAction":[{"@type":"SearchAction","target":{"@type":"EntryPoint","urlTemplate":"https:\/\/popinvestments.com\/atiko\/?s={search_term_string}"},"query-input":{"@type":"PropertyValueSpecification","valueRequired":true,"valueName":"search_term_string"}}],"inLanguage":"es"}]}},"_links":{"self":[{"href":"https:\/\/popinvestments.com\/atiko\/wp-json\/wp\/v2\/pages\/377","targetHints":{"allow":["GET"]}}],"collection":[{"href":"https:\/\/popinvestments.com\/atiko\/wp-json\/wp\/v2\/pages"}],"about":[{"href":"https:\/\/popinvestments.com\/atiko\/wp-json\/wp\/v2\/types\/page"}],"author":[{"embeddable":true,"href":"https:\/\/popinvestments.com\/atiko\/wp-json\/wp\/v2\/users\/1"}],"replies":[{"embeddable":true,"href":"https:\/\/popinvestments.com\/atiko\/wp-json\/wp\/v2\/comments?post=377"}],"version-history":[{"count":1,"href":"https:\/\/popinvestments.com\/atiko\/wp-json\/wp\/v2\/pages\/377\/revisions"}],"predecessor-version":[{"id":379,"href":"https:\/\/popinvestments.com\/atiko\/wp-json\/wp\/v2\/pages\/377\/revisions\/379"}],"wp:attachment":[{"href":"https:\/\/popinvestments.com\/atiko\/wp-json\/wp\/v2\/media?parent=377"}],"curies":[{"name":"wp","href":"https:\/\/api.w.org\/{rel}","templated":true}]}}